{"id":1008,"date":"2023-12-19T20:38:20","date_gmt":"2023-12-19T19:38:20","guid":{"rendered":"https:\/\/insidethemindjcartist.com\/?page_id=1008"},"modified":"2023-12-31T01:07:58","modified_gmt":"2023-12-31T00:07:58","slug":"fire-night","status":"publish","type":"page","link":"https:\/\/insidethemindjcartist.com\/eng\/fire-night\/","title":{"rendered":"FIRE &#038; NIGHT"},"content":{"rendered":"<figure class=\"wp-block-image size-large\"><img decoding=\"async\" width=\"1024\" height=\"639\" data-src=\"https:\/\/insidethemindjcartist.com\/wp-content\/uploads\/2023\/12\/Smartist-19-12-2023-20-55-1024x639.png\" alt=\"\" class=\"wp-image-1028 lazyload\" data-srcset=\"https:\/\/insidethemindjcartist.com\/wp-content\/uploads\/2023\/12\/Smartist-19-12-2023-20-55-1024x639.png 1024w, https:\/\/insidethemindjcartist.com\/wp-content\/uploads\/2023\/12\/Smartist-19-12-2023-20-55-300x187.png 300w, https:\/\/insidethemindjcartist.com\/wp-content\/uploads\/2023\/12\/Smartist-19-12-2023-20-55-768x480.png 768w, https:\/\/insidethemindjcartist.com\/wp-content\/uploads\/2023\/12\/Smartist-19-12-2023-20-55-1536x959.png 1536w, https:\/\/insidethemindjcartist.com\/wp-content\/uploads\/2023\/12\/Smartist-19-12-2023-20-55-2048x1279.png 2048w\" data-sizes=\"(max-width: 1024px) 100vw, 1024px\" src=\"data:image\/svg+xml;base64,PHN2ZyB3aWR0aD0iMSIgaGVpZ2h0PSIxIiB4bWxucz0iaHR0cDovL3d3dy53My5vcmcvMjAwMC9zdmciPjwvc3ZnPg==\" style=\"--smush-placeholder-width: 1024px; --smush-placeholder-aspect-ratio: 1024\/639;\" \/><\/figure>\n\n\n\n<figure class=\"wp-block-image size-large\"><img decoding=\"async\" width=\"819\" height=\"1024\" data-src=\"https:\/\/insidethemindjcartist.com\/wp-content\/uploads\/2023\/12\/Smartist-26-12-2023-21-02-819x1024.png\" alt=\"\" class=\"wp-image-1082 lazyload\" data-srcset=\"https:\/\/insidethemindjcartist.com\/wp-content\/uploads\/2023\/12\/Smartist-26-12-2023-21-02-819x1024.png 819w, https:\/\/insidethemindjcartist.com\/wp-content\/uploads\/2023\/12\/Smartist-26-12-2023-21-02-240x300.png 240w, https:\/\/insidethemindjcartist.com\/wp-content\/uploads\/2023\/12\/Smartist-26-12-2023-21-02-768x960.png 768w, https:\/\/insidethemindjcartist.com\/wp-content\/uploads\/2023\/12\/Smartist-26-12-2023-21-02-1229x1536.png 1229w, https:\/\/insidethemindjcartist.com\/wp-content\/uploads\/2023\/12\/Smartist-26-12-2023-21-02-1638x2048.png 1638w, https:\/\/insidethemindjcartist.com\/wp-content\/uploads\/2023\/12\/Smartist-26-12-2023-21-02-10x12.png 10w\" data-sizes=\"(max-width: 819px) 100vw, 819px\" src=\"data:image\/svg+xml;base64,PHN2ZyB3aWR0aD0iMSIgaGVpZ2h0PSIxIiB4bWxucz0iaHR0cDovL3d3dy53My5vcmcvMjAwMC9zdmciPjwvc3ZnPg==\" style=\"--smush-placeholder-width: 819px; --smush-placeholder-aspect-ratio: 819\/1024;\" \/><\/figure>\n\n\n\n<figure class=\"wp-block-image size-large\"><img decoding=\"async\" width=\"1024\" height=\"639\" data-src=\"https:\/\/insidethemindjcartist.com\/wp-content\/uploads\/2023\/12\/Smartist-26-12-2023-21-01-1024x639.jpeg\" alt=\"\" class=\"wp-image-1084 lazyload\" data-srcset=\"https:\/\/insidethemindjcartist.com\/wp-content\/uploads\/2023\/12\/Smartist-26-12-2023-21-01-1024x639.jpeg 1024w, https:\/\/insidethemindjcartist.com\/wp-content\/uploads\/2023\/12\/Smartist-26-12-2023-21-01-300x187.jpeg 300w, https:\/\/insidethemindjcartist.com\/wp-content\/uploads\/2023\/12\/Smartist-26-12-2023-21-01-768x480.jpeg 768w, https:\/\/insidethemindjcartist.com\/wp-content\/uploads\/2023\/12\/Smartist-26-12-2023-21-01-1536x959.jpeg 1536w, https:\/\/insidethemindjcartist.com\/wp-content\/uploads\/2023\/12\/Smartist-26-12-2023-21-01-2048x1279.jpeg 2048w, https:\/\/insidethemindjcartist.com\/wp-content\/uploads\/2023\/12\/Smartist-26-12-2023-21-01-18x12.jpeg 18w\" data-sizes=\"(max-width: 1024px) 100vw, 1024px\" src=\"data:image\/svg+xml;base64,PHN2ZyB3aWR0aD0iMSIgaGVpZ2h0PSIxIiB4bWxucz0iaHR0cDovL3d3dy53My5vcmcvMjAwMC9zdmciPjwvc3ZnPg==\" style=\"--smush-placeholder-width: 1024px; --smush-placeholder-aspect-ratio: 1024\/639;\" \/><\/figure>\n\n\n\n<figure class=\"wp-block-image size-large\"><img decoding=\"async\" width=\"1024\" height=\"983\" data-src=\"https:\/\/insidethemindjcartist.com\/wp-content\/uploads\/2023\/12\/IMG_7757-6-1024x983.jpeg\" alt=\"\" class=\"wp-image-1022 lazyload\" data-srcset=\"https:\/\/insidethemindjcartist.com\/wp-content\/uploads\/2023\/12\/IMG_7757-6-1024x983.jpeg 1024w, https:\/\/insidethemindjcartist.com\/wp-content\/uploads\/2023\/12\/IMG_7757-6-300x288.jpeg 300w, https:\/\/insidethemindjcartist.com\/wp-content\/uploads\/2023\/12\/IMG_7757-6-768x738.jpeg 768w, https:\/\/insidethemindjcartist.com\/wp-content\/uploads\/2023\/12\/IMG_7757-6-1536x1475.jpeg 1536w, https:\/\/insidethemindjcartist.com\/wp-content\/uploads\/2023\/12\/IMG_7757-6-2048x1967.jpeg 2048w\" data-sizes=\"(max-width: 1024px) 100vw, 1024px\" src=\"data:image\/svg+xml;base64,PHN2ZyB3aWR0aD0iMSIgaGVpZ2h0PSIxIiB4bWxucz0iaHR0cDovL3d3dy53My5vcmcvMjAwMC9zdmciPjwvc3ZnPg==\" style=\"--smush-placeholder-width: 1024px; --smush-placeholder-aspect-ratio: 1024\/983;\" \/><\/figure>\n\n\n\n<figure class=\"wp-block-gallery has-nested-images columns-default is-cropped wp-block-gallery-1 is-layout-flex wp-block-gallery-is-layout-flex\">\n<figure class=\"wp-block-image size-large\"><img decoding=\"async\" width=\"1024\" height=\"527\" data-id=\"1010\" data-src=\"https:\/\/insidethemindjcartist.com\/wp-content\/uploads\/2023\/12\/IMG_7757-1-1024x527.jpeg\" alt=\"\" class=\"wp-image-1010 lazyload\" data-srcset=\"https:\/\/insidethemindjcartist.com\/wp-content\/uploads\/2023\/12\/IMG_7757-1-1024x527.jpeg 1024w, https:\/\/insidethemindjcartist.com\/wp-content\/uploads\/2023\/12\/IMG_7757-1-300x154.jpeg 300w, https:\/\/insidethemindjcartist.com\/wp-content\/uploads\/2023\/12\/IMG_7757-1-768x395.jpeg 768w, https:\/\/insidethemindjcartist.com\/wp-content\/uploads\/2023\/12\/IMG_7757-1-1536x790.jpeg 1536w, https:\/\/insidethemindjcartist.com\/wp-content\/uploads\/2023\/12\/IMG_7757-1-2048x1054.jpeg 2048w\" data-sizes=\"(max-width: 1024px) 100vw, 1024px\" src=\"data:image\/svg+xml;base64,PHN2ZyB3aWR0aD0iMSIgaGVpZ2h0PSIxIiB4bWxucz0iaHR0cDovL3d3dy53My5vcmcvMjAwMC9zdmciPjwvc3ZnPg==\" style=\"--smush-placeholder-width: 1024px; --smush-placeholder-aspect-ratio: 1024\/527;\" \/><\/figure>\n\n\n\n<figure class=\"wp-block-image size-large\"><img decoding=\"async\" width=\"662\" height=\"1024\" data-id=\"1015\" data-src=\"https:\/\/insidethemindjcartist.com\/wp-content\/uploads\/2023\/12\/IMG_7757-2-662x1024.jpeg\" alt=\"\" class=\"wp-image-1015 lazyload\" data-srcset=\"https:\/\/insidethemindjcartist.com\/wp-content\/uploads\/2023\/12\/IMG_7757-2-662x1024.jpeg 662w, https:\/\/insidethemindjcartist.com\/wp-content\/uploads\/2023\/12\/IMG_7757-2-194x300.jpeg 194w, https:\/\/insidethemindjcartist.com\/wp-content\/uploads\/2023\/12\/IMG_7757-2-768x1188.jpeg 768w, https:\/\/insidethemindjcartist.com\/wp-content\/uploads\/2023\/12\/IMG_7757-2-993x1536.jpeg 993w, https:\/\/insidethemindjcartist.com\/wp-content\/uploads\/2023\/12\/IMG_7757-2-1324x2048.jpeg 1324w, https:\/\/insidethemindjcartist.com\/wp-content\/uploads\/2023\/12\/IMG_7757-2-scaled.jpeg 1655w\" data-sizes=\"(max-width: 662px) 100vw, 662px\" src=\"data:image\/svg+xml;base64,PHN2ZyB3aWR0aD0iMSIgaGVpZ2h0PSIxIiB4bWxucz0iaHR0cDovL3d3dy53My5vcmcvMjAwMC9zdmciPjwvc3ZnPg==\" style=\"--smush-placeholder-width: 662px; --smush-placeholder-aspect-ratio: 662\/1024;\" \/><\/figure>\n\n\n\n<figure class=\"wp-block-image size-large\"><img decoding=\"async\" width=\"1024\" height=\"604\" data-id=\"1013\" data-src=\"https:\/\/insidethemindjcartist.com\/wp-content\/uploads\/2023\/12\/IMG_7757-3-1024x604.jpeg\" alt=\"\" class=\"wp-image-1013 lazyload\" data-srcset=\"https:\/\/insidethemindjcartist.com\/wp-content\/uploads\/2023\/12\/IMG_7757-3-1024x604.jpeg 1024w, https:\/\/insidethemindjcartist.com\/wp-content\/uploads\/2023\/12\/IMG_7757-3-300x177.jpeg 300w, https:\/\/insidethemindjcartist.com\/wp-content\/uploads\/2023\/12\/IMG_7757-3-768x453.jpeg 768w, https:\/\/insidethemindjcartist.com\/wp-content\/uploads\/2023\/12\/IMG_7757-3-1536x907.jpeg 1536w, https:\/\/insidethemindjcartist.com\/wp-content\/uploads\/2023\/12\/IMG_7757-3-2048x1209.jpeg 2048w\" data-sizes=\"(max-width: 1024px) 100vw, 1024px\" src=\"data:image\/svg+xml;base64,PHN2ZyB3aWR0aD0iMSIgaGVpZ2h0PSIxIiB4bWxucz0iaHR0cDovL3d3dy53My5vcmcvMjAwMC9zdmciPjwvc3ZnPg==\" style=\"--smush-placeholder-width: 1024px; --smush-placeholder-aspect-ratio: 1024\/604;\" \/><\/figure>\n\n\n\n<figure class=\"wp-block-image size-large\"><img decoding=\"async\" width=\"408\" height=\"1024\" data-id=\"1011\" data-src=\"https:\/\/insidethemindjcartist.com\/wp-content\/uploads\/2023\/12\/IMG_7757-4-408x1024.jpeg\" alt=\"\" class=\"wp-image-1011 lazyload\" data-srcset=\"https:\/\/insidethemindjcartist.com\/wp-content\/uploads\/2023\/12\/IMG_7757-4-408x1024.jpeg 408w, https:\/\/insidethemindjcartist.com\/wp-content\/uploads\/2023\/12\/IMG_7757-4-119x300.jpeg 119w, https:\/\/insidethemindjcartist.com\/wp-content\/uploads\/2023\/12\/IMG_7757-4-768x1929.jpeg 768w, https:\/\/insidethemindjcartist.com\/wp-content\/uploads\/2023\/12\/IMG_7757-4-815x2048.jpeg 815w, https:\/\/insidethemindjcartist.com\/wp-content\/uploads\/2023\/12\/IMG_7757-4-scaled.jpeg 1019w\" data-sizes=\"(max-width: 408px) 100vw, 408px\" src=\"data:image\/svg+xml;base64,PHN2ZyB3aWR0aD0iMSIgaGVpZ2h0PSIxIiB4bWxucz0iaHR0cDovL3d3dy53My5vcmcvMjAwMC9zdmciPjwvc3ZnPg==\" style=\"--smush-placeholder-width: 408px; --smush-placeholder-aspect-ratio: 408\/1024;\" \/><\/figure>\n\n\n\n<figure class=\"wp-block-image size-large\"><img decoding=\"async\" width=\"717\" height=\"1024\" data-id=\"1009\" data-src=\"https:\/\/insidethemindjcartist.com\/wp-content\/uploads\/2023\/12\/IMG_7757-5-717x1024.jpeg\" alt=\"\" class=\"wp-image-1009 lazyload\" data-srcset=\"https:\/\/insidethemindjcartist.com\/wp-content\/uploads\/2023\/12\/IMG_7757-5-717x1024.jpeg 717w, https:\/\/insidethemindjcartist.com\/wp-content\/uploads\/2023\/12\/IMG_7757-5-210x300.jpeg 210w, https:\/\/insidethemindjcartist.com\/wp-content\/uploads\/2023\/12\/IMG_7757-5-768x1097.jpeg 768w, https:\/\/insidethemindjcartist.com\/wp-content\/uploads\/2023\/12\/IMG_7757-5-1075x1536.jpeg 1075w, https:\/\/insidethemindjcartist.com\/wp-content\/uploads\/2023\/12\/IMG_7757-5.jpeg 1099w\" data-sizes=\"(max-width: 717px) 100vw, 717px\" src=\"data:image\/svg+xml;base64,PHN2ZyB3aWR0aD0iMSIgaGVpZ2h0PSIxIiB4bWxucz0iaHR0cDovL3d3dy53My5vcmcvMjAwMC9zdmciPjwvc3ZnPg==\" style=\"--smush-placeholder-width: 717px; --smush-placeholder-aspect-ratio: 717\/1024;\" \/><\/figure>\n\n\n\n<figure class=\"wp-block-image size-large\"><img decoding=\"async\" width=\"1024\" height=\"983\" data-id=\"1019\" data-src=\"https:\/\/insidethemindjcartist.com\/wp-content\/uploads\/2023\/12\/IMG_7757-1024x983.jpeg\" alt=\"\" class=\"wp-image-1019 lazyload\" data-srcset=\"https:\/\/insidethemindjcartist.com\/wp-content\/uploads\/2023\/12\/IMG_7757-1024x983.jpeg 1024w, https:\/\/insidethemindjcartist.com\/wp-content\/uploads\/2023\/12\/IMG_7757-300x288.jpeg 300w, https:\/\/insidethemindjcartist.com\/wp-content\/uploads\/2023\/12\/IMG_7757-768x738.jpeg 768w, https:\/\/insidethemindjcartist.com\/wp-content\/uploads\/2023\/12\/IMG_7757-1536x1475.jpeg 1536w, https:\/\/insidethemindjcartist.com\/wp-content\/uploads\/2023\/12\/IMG_7757-2048x1967.jpeg 2048w\" data-sizes=\"(max-width: 1024px) 100vw, 1024px\" src=\"data:image\/svg+xml;base64,PHN2ZyB3aWR0aD0iMSIgaGVpZ2h0PSIxIiB4bWxucz0iaHR0cDovL3d3dy53My5vcmcvMjAwMC9zdmciPjwvc3ZnPg==\" style=\"--smush-placeholder-width: 1024px; --smush-placeholder-aspect-ratio: 1024\/983;\" \/><\/figure>\n\n\n\n<figure class=\"wp-block-image size-large\"><img decoding=\"async\" width=\"1024\" height=\"957\" data-id=\"1020\" data-src=\"https:\/\/insidethemindjcartist.com\/wp-content\/uploads\/2023\/12\/IMG_7797-1-1024x957.jpeg\" alt=\"\" class=\"wp-image-1020 lazyload\" data-srcset=\"https:\/\/insidethemindjcartist.com\/wp-content\/uploads\/2023\/12\/IMG_7797-1-1024x957.jpeg 1024w, https:\/\/insidethemindjcartist.com\/wp-content\/uploads\/2023\/12\/IMG_7797-1-300x280.jpeg 300w, https:\/\/insidethemindjcartist.com\/wp-content\/uploads\/2023\/12\/IMG_7797-1-768x718.jpeg 768w, https:\/\/insidethemindjcartist.com\/wp-content\/uploads\/2023\/12\/IMG_7797-1-1536x1435.jpeg 1536w, https:\/\/insidethemindjcartist.com\/wp-content\/uploads\/2023\/12\/IMG_7797-1-2048x1913.jpeg 2048w\" data-sizes=\"(max-width: 1024px) 100vw, 1024px\" src=\"data:image\/svg+xml;base64,PHN2ZyB3aWR0aD0iMSIgaGVpZ2h0PSIxIiB4bWxucz0iaHR0cDovL3d3dy53My5vcmcvMjAwMC9zdmciPjwvc3ZnPg==\" style=\"--smush-placeholder-width: 1024px; --smush-placeholder-aspect-ratio: 1024\/957;\" \/><\/figure>\n\n\n\n<figure class=\"wp-block-image size-large\"><img decoding=\"async\" width=\"611\" height=\"1024\" data-id=\"1016\" data-src=\"https:\/\/insidethemindjcartist.com\/wp-content\/uploads\/2023\/12\/IMG_7797-2-611x1024.jpeg\" alt=\"\" class=\"wp-image-1016 lazyload\" data-srcset=\"https:\/\/insidethemindjcartist.com\/wp-content\/uploads\/2023\/12\/IMG_7797-2-611x1024.jpeg 611w, https:\/\/insidethemindjcartist.com\/wp-content\/uploads\/2023\/12\/IMG_7797-2-179x300.jpeg 179w, https:\/\/insidethemindjcartist.com\/wp-content\/uploads\/2023\/12\/IMG_7797-2-768x1288.jpeg 768w, https:\/\/insidethemindjcartist.com\/wp-content\/uploads\/2023\/12\/IMG_7797-2-916x1536.jpeg 916w, https:\/\/insidethemindjcartist.com\/wp-content\/uploads\/2023\/12\/IMG_7797-2-1221x2048.jpeg 1221w, https:\/\/insidethemindjcartist.com\/wp-content\/uploads\/2023\/12\/IMG_7797-2-scaled.jpeg 1527w\" data-sizes=\"(max-width: 611px) 100vw, 611px\" src=\"data:image\/svg+xml;base64,PHN2ZyB3aWR0aD0iMSIgaGVpZ2h0PSIxIiB4bWxucz0iaHR0cDovL3d3dy53My5vcmcvMjAwMC9zdmciPjwvc3ZnPg==\" style=\"--smush-placeholder-width: 611px; --smush-placeholder-aspect-ratio: 611\/1024;\" \/><\/figure>\n\n\n\n<figure class=\"wp-block-image size-large\"><img decoding=\"async\" width=\"1024\" height=\"680\" data-id=\"1018\" data-src=\"https:\/\/insidethemindjcartist.com\/wp-content\/uploads\/2023\/12\/IMG_7797-3-1024x680.jpeg\" alt=\"\" class=\"wp-image-1018 lazyload\" data-srcset=\"https:\/\/insidethemindjcartist.com\/wp-content\/uploads\/2023\/12\/IMG_7797-3-1024x680.jpeg 1024w, https:\/\/insidethemindjcartist.com\/wp-content\/uploads\/2023\/12\/IMG_7797-3-300x199.jpeg 300w, https:\/\/insidethemindjcartist.com\/wp-content\/uploads\/2023\/12\/IMG_7797-3-768x510.jpeg 768w, https:\/\/insidethemindjcartist.com\/wp-content\/uploads\/2023\/12\/IMG_7797-3-1536x1021.jpeg 1536w, https:\/\/insidethemindjcartist.com\/wp-content\/uploads\/2023\/12\/IMG_7797-3-2048x1361.jpeg 2048w\" data-sizes=\"(max-width: 1024px) 100vw, 1024px\" src=\"data:image\/svg+xml;base64,PHN2ZyB3aWR0aD0iMSIgaGVpZ2h0PSIxIiB4bWxucz0iaHR0cDovL3d3dy53My5vcmcvMjAwMC9zdmciPjwvc3ZnPg==\" style=\"--smush-placeholder-width: 1024px; --smush-placeholder-aspect-ratio: 1024\/680;\" \/><\/figure>\n\n\n\n<figure class=\"wp-block-image size-large\"><img decoding=\"async\" width=\"891\" height=\"1024\" data-id=\"1012\" data-src=\"https:\/\/insidethemindjcartist.com\/wp-content\/uploads\/2023\/12\/IMG_7797-4-891x1024.jpeg\" alt=\"\" class=\"wp-image-1012 lazyload\" data-srcset=\"https:\/\/insidethemindjcartist.com\/wp-content\/uploads\/2023\/12\/IMG_7797-4-891x1024.jpeg 891w, https:\/\/insidethemindjcartist.com\/wp-content\/uploads\/2023\/12\/IMG_7797-4-261x300.jpeg 261w, https:\/\/insidethemindjcartist.com\/wp-content\/uploads\/2023\/12\/IMG_7797-4-768x882.jpeg 768w, https:\/\/insidethemindjcartist.com\/wp-content\/uploads\/2023\/12\/IMG_7797-4-1337x1536.jpeg 1337w, https:\/\/insidethemindjcartist.com\/wp-content\/uploads\/2023\/12\/IMG_7797-4-1783x2048.jpeg 1783w, https:\/\/insidethemindjcartist.com\/wp-content\/uploads\/2023\/12\/IMG_7797-4.jpeg 1793w\" data-sizes=\"(max-width: 891px) 100vw, 891px\" src=\"data:image\/svg+xml;base64,PHN2ZyB3aWR0aD0iMSIgaGVpZ2h0PSIxIiB4bWxucz0iaHR0cDovL3d3dy53My5vcmcvMjAwMC9zdmciPjwvc3ZnPg==\" style=\"--smush-placeholder-width: 891px; --smush-placeholder-aspect-ratio: 891\/1024;\" \/><\/figure>\n\n\n\n<figure class=\"wp-block-image size-large\"><img decoding=\"async\" width=\"1024\" height=\"501\" data-id=\"1017\" data-src=\"https:\/\/insidethemindjcartist.com\/wp-content\/uploads\/2023\/12\/IMG_7797-5-1024x501.jpeg\" alt=\"\" class=\"wp-image-1017 lazyload\" data-srcset=\"https:\/\/insidethemindjcartist.com\/wp-content\/uploads\/2023\/12\/IMG_7797-5-1024x501.jpeg 1024w, https:\/\/insidethemindjcartist.com\/wp-content\/uploads\/2023\/12\/IMG_7797-5-300x147.jpeg 300w, https:\/\/insidethemindjcartist.com\/wp-content\/uploads\/2023\/12\/IMG_7797-5-768x376.jpeg 768w, https:\/\/insidethemindjcartist.com\/wp-content\/uploads\/2023\/12\/IMG_7797-5-1536x752.jpeg 1536w, https:\/\/insidethemindjcartist.com\/wp-content\/uploads\/2023\/12\/IMG_7797-5-2048x1003.jpeg 2048w\" data-sizes=\"(max-width: 1024px) 100vw, 1024px\" src=\"data:image\/svg+xml;base64,PHN2ZyB3aWR0aD0iMSIgaGVpZ2h0PSIxIiB4bWxucz0iaHR0cDovL3d3dy53My5vcmcvMjAwMC9zdmciPjwvc3ZnPg==\" style=\"--smush-placeholder-width: 1024px; --smush-placeholder-aspect-ratio: 1024\/501;\" \/><\/figure>\n\n\n\n<figure class=\"wp-block-image size-large\"><img decoding=\"async\" width=\"762\" height=\"1024\" data-id=\"1014\" data-src=\"https:\/\/insidethemindjcartist.com\/wp-content\/uploads\/2023\/12\/IMG_7797-6-762x1024.jpeg\" alt=\"\" class=\"wp-image-1014 lazyload\" data-srcset=\"https:\/\/insidethemindjcartist.com\/wp-content\/uploads\/2023\/12\/IMG_7797-6-762x1024.jpeg 762w, https:\/\/insidethemindjcartist.com\/wp-content\/uploads\/2023\/12\/IMG_7797-6-223x300.jpeg 223w, https:\/\/insidethemindjcartist.com\/wp-content\/uploads\/2023\/12\/IMG_7797-6-768x1033.jpeg 768w, https:\/\/insidethemindjcartist.com\/wp-content\/uploads\/2023\/12\/IMG_7797-6-1142x1536.jpeg 1142w, https:\/\/insidethemindjcartist.com\/wp-content\/uploads\/2023\/12\/IMG_7797-6-1523x2048.jpeg 1523w, https:\/\/insidethemindjcartist.com\/wp-content\/uploads\/2023\/12\/IMG_7797-6.jpeg 1616w\" data-sizes=\"(max-width: 762px) 100vw, 762px\" src=\"data:image\/svg+xml;base64,PHN2ZyB3aWR0aD0iMSIgaGVpZ2h0PSIxIiB4bWxucz0iaHR0cDovL3d3dy53My5vcmcvMjAwMC9zdmciPjwvc3ZnPg==\" style=\"--smush-placeholder-width: 762px; --smush-placeholder-aspect-ratio: 762\/1024;\" \/><\/figure>\n\n\n\n<figure class=\"wp-block-image size-large\"><img decoding=\"async\" width=\"1024\" height=\"891\" data-id=\"1021\" data-src=\"https:\/\/insidethemindjcartist.com\/wp-content\/uploads\/2023\/12\/IMG_7797-1024x891.jpeg\" alt=\"\" class=\"wp-image-1021 lazyload\" data-srcset=\"https:\/\/insidethemindjcartist.com\/wp-content\/uploads\/2023\/12\/IMG_7797-1024x891.jpeg 1024w, https:\/\/insidethemindjcartist.com\/wp-content\/uploads\/2023\/12\/IMG_7797-300x261.jpeg 300w, https:\/\/insidethemindjcartist.com\/wp-content\/uploads\/2023\/12\/IMG_7797-768x668.jpeg 768w, https:\/\/insidethemindjcartist.com\/wp-content\/uploads\/2023\/12\/IMG_7797-1536x1336.jpeg 1536w, https:\/\/insidethemindjcartist.com\/wp-content\/uploads\/2023\/12\/IMG_7797-2048x1782.jpeg 2048w\" data-sizes=\"(max-width: 1024px) 100vw, 1024px\" src=\"data:image\/svg+xml;base64,PHN2ZyB3aWR0aD0iMSIgaGVpZ2h0PSIxIiB4bWxucz0iaHR0cDovL3d3dy53My5vcmcvMjAwMC9zdmciPjwvc3ZnPg==\" style=\"--smush-placeholder-width: 1024px; --smush-placeholder-aspect-ratio: 1024\/891;\" \/><\/figure>\n<\/figure>\n\n\n\n<ul class=\"wp-block-list\">\n<li>Tama\u00f1o 64 cm x 62 cm x 3 cm<\/li>\n\n\n\n<li>Acr\u00edlico sobre madera robusta, t\u00e9cnica mixta con colores fl\u00faor que brillan con luz UV<\/li>\n\n\n\n<li>Signed on the back<\/li>\n\n\n\n<li>The edges of the painting are painted<\/li>\n\n\n\n<li>Finished with layers of gloss varnish<\/li>\n\n\n\n<li>With certificate of authenticity<\/li>\n\n\n\n<li>Year 2023<\/li>\n\n\n\n<li>FREE shipping<\/li>\n<\/ul>","protected":false},"excerpt":{"rendered":"","protected":false},"author":1,"featured_media":0,"parent":0,"menu_order":0,"comment_status":"closed","ping_status":"closed","template":"","meta":{"_uag_custom_page_level_css":"","footnotes":""},"class_list":["post-1008","page","type-page","status-publish","hentry"],"yoast_head":"<!-- This site is optimized with the Yoast SEO plugin v26.9 - https:\/\/yoast.com\/product\/yoast-seo-wordpress\/ -->\n<title>FIRE &amp; NIGHT<\/title>\n<meta name=\"robots\" content=\"index, follow, max-snippet:-1, max-image-preview:large, max-video-preview:-1\" \/>\n<link rel=\"canonical\" href=\"https:\/\/insidethemindjcartist.com\/eng\/fire-night\/\" \/>\n<meta property=\"og:locale\" content=\"en_GB\" \/>\n<meta property=\"og:type\" content=\"article\" \/>\n<meta property=\"og:title\" content=\"FIRE &amp; NIGHT\" \/>\n<meta property=\"og:url\" content=\"https:\/\/insidethemindjcartist.com\/eng\/fire-night\/\" \/>\n<meta property=\"og:site_name\" content=\"INSIDE THE MIND JC ARTIST\" \/>\n<meta property=\"article:modified_time\" content=\"2023-12-31T00:07:58+00:00\" \/>\n<meta property=\"og:image\" content=\"https:\/\/insidethemindjcartist.com\/wp-content\/uploads\/2023\/12\/Smartist-19-12-2023-20-55-1024x639.png\" \/>\n<meta name=\"twitter:card\" content=\"summary_large_image\" \/>\n<meta name=\"twitter:label1\" content=\"Estimated reading time\" \/>\n\t<meta name=\"twitter:data1\" content=\"4 minutes\" \/>\n<script type=\"application\/ld+json\" class=\"yoast-schema-graph\">{\"@context\":\"https:\/\/schema.org\",\"@graph\":[{\"@type\":\"WebPage\",\"@id\":\"https:\/\/insidethemindjcartist.com\/fire-night\/\",\"url\":\"https:\/\/insidethemindjcartist.com\/fire-night\/\",\"name\":\"FIRE & NIGHT\",\"isPartOf\":{\"@id\":\"https:\/\/insidethemindjcartist.com\/#website\"},\"primaryImageOfPage\":{\"@id\":\"https:\/\/insidethemindjcartist.com\/fire-night\/#primaryimage\"},\"image\":{\"@id\":\"https:\/\/insidethemindjcartist.com\/fire-night\/#primaryimage\"},\"thumbnailUrl\":\"https:\/\/insidethemindjcartist.com\/wp-content\/uploads\/2023\/12\/Smartist-19-12-2023-20-55-1024x639.png\",\"datePublished\":\"2023-12-19T19:38:20+00:00\",\"dateModified\":\"2023-12-31T00:07:58+00:00\",\"breadcrumb\":{\"@id\":\"https:\/\/insidethemindjcartist.com\/fire-night\/#breadcrumb\"},\"inLanguage\":\"en-GB\",\"potentialAction\":[{\"@type\":\"ReadAction\",\"target\":[\"https:\/\/insidethemindjcartist.com\/fire-night\/\"]}]},{\"@type\":\"ImageObject\",\"inLanguage\":\"en-GB\",\"@id\":\"https:\/\/insidethemindjcartist.com\/fire-night\/#primaryimage\",\"url\":\"https:\/\/insidethemindjcartist.com\/wp-content\/uploads\/2023\/12\/Smartist-19-12-2023-20-55-1024x639.png\",\"contentUrl\":\"https:\/\/insidethemindjcartist.com\/wp-content\/uploads\/2023\/12\/Smartist-19-12-2023-20-55-1024x639.png\"},{\"@type\":\"BreadcrumbList\",\"@id\":\"https:\/\/insidethemindjcartist.com\/fire-night\/#breadcrumb\",\"itemListElement\":[{\"@type\":\"ListItem\",\"position\":1,\"name\":\"Portada\",\"item\":\"https:\/\/insidethemindjcartist.com\/\"},{\"@type\":\"ListItem\",\"position\":2,\"name\":\"FIRE &#038; NIGHT\"}]},{\"@type\":\"WebSite\",\"@id\":\"https:\/\/insidethemindjcartist.com\/#website\",\"url\":\"https:\/\/insidethemindjcartist.com\/\",\"name\":\"INSIDE THE MIND JC ARTIST\",\"description\":\"La mejor web de compra de Arte Abstracto de Jc Artist\",\"potentialAction\":[{\"@type\":\"SearchAction\",\"target\":{\"@type\":\"EntryPoint\",\"urlTemplate\":\"https:\/\/insidethemindjcartist.com\/?s={search_term_string}\"},\"query-input\":{\"@type\":\"PropertyValueSpecification\",\"valueRequired\":true,\"valueName\":\"search_term_string\"}}],\"inLanguage\":\"en-GB\"}]}<\/script>\n<!-- \/ Yoast SEO plugin. -->","yoast_head_json":{"title":"FIRE & NIGHT","robots":{"index":"index","follow":"follow","max-snippet":"max-snippet:-1","max-image-preview":"max-image-preview:large","max-video-preview":"max-video-preview:-1"},"canonical":"https:\/\/insidethemindjcartist.com\/eng\/fire-night\/","og_locale":"en_GB","og_type":"article","og_title":"FIRE & NIGHT","og_url":"https:\/\/insidethemindjcartist.com\/eng\/fire-night\/","og_site_name":"INSIDE THE MIND JC ARTIST","article_modified_time":"2023-12-31T00:07:58+00:00","og_image":[{"url":"https:\/\/insidethemindjcartist.com\/wp-content\/uploads\/2023\/12\/Smartist-19-12-2023-20-55-1024x639.png","type":"","width":"","height":""}],"twitter_card":"summary_large_image","twitter_misc":{"Estimated reading time":"4 minutes"},"schema":{"@context":"https:\/\/schema.org","@graph":[{"@type":"WebPage","@id":"https:\/\/insidethemindjcartist.com\/fire-night\/","url":"https:\/\/insidethemindjcartist.com\/fire-night\/","name":"FIRE & NIGHT","isPartOf":{"@id":"https:\/\/insidethemindjcartist.com\/#website"},"primaryImageOfPage":{"@id":"https:\/\/insidethemindjcartist.com\/fire-night\/#primaryimage"},"image":{"@id":"https:\/\/insidethemindjcartist.com\/fire-night\/#primaryimage"},"thumbnailUrl":"https:\/\/insidethemindjcartist.com\/wp-content\/uploads\/2023\/12\/Smartist-19-12-2023-20-55-1024x639.png","datePublished":"2023-12-19T19:38:20+00:00","dateModified":"2023-12-31T00:07:58+00:00","breadcrumb":{"@id":"https:\/\/insidethemindjcartist.com\/fire-night\/#breadcrumb"},"inLanguage":"en-GB","potentialAction":[{"@type":"ReadAction","target":["https:\/\/insidethemindjcartist.com\/fire-night\/"]}]},{"@type":"ImageObject","inLanguage":"en-GB","@id":"https:\/\/insidethemindjcartist.com\/fire-night\/#primaryimage","url":"https:\/\/insidethemindjcartist.com\/wp-content\/uploads\/2023\/12\/Smartist-19-12-2023-20-55-1024x639.png","contentUrl":"https:\/\/insidethemindjcartist.com\/wp-content\/uploads\/2023\/12\/Smartist-19-12-2023-20-55-1024x639.png"},{"@type":"BreadcrumbList","@id":"https:\/\/insidethemindjcartist.com\/fire-night\/#breadcrumb","itemListElement":[{"@type":"ListItem","position":1,"name":"Portada","item":"https:\/\/insidethemindjcartist.com\/"},{"@type":"ListItem","position":2,"name":"FIRE &#038; NIGHT"}]},{"@type":"WebSite","@id":"https:\/\/insidethemindjcartist.com\/#website","url":"https:\/\/insidethemindjcartist.com\/","name":"INSIDE THE MIND JC ARTIST","description":"La mejor web de compra de Arte Abstracto de Jc Artist","potentialAction":[{"@type":"SearchAction","target":{"@type":"EntryPoint","urlTemplate":"https:\/\/insidethemindjcartist.com\/?s={search_term_string}"},"query-input":{"@type":"PropertyValueSpecification","valueRequired":true,"valueName":"search_term_string"}}],"inLanguage":"en-GB"}]}},"uagb_featured_image_src":{"full":false,"thumbnail":false,"medium":false,"medium_large":false,"large":false,"1536x1536":false,"2048x2048":false,"trp-custom-language-flag":false},"uagb_author_info":{"display_name":"insidethemind.jc.artist","author_link":"https:\/\/insidethemindjcartist.com\/eng\/author\/insidethemind-jc-artist\/"},"uagb_comment_info":0,"uagb_excerpt":null,"_links":{"self":[{"href":"https:\/\/insidethemindjcartist.com\/eng\/wp-json\/wp\/v2\/pages\/1008","targetHints":{"allow":["GET"]}}],"collection":[{"href":"https:\/\/insidethemindjcartist.com\/eng\/wp-json\/wp\/v2\/pages"}],"about":[{"href":"https:\/\/insidethemindjcartist.com\/eng\/wp-json\/wp\/v2\/types\/page"}],"author":[{"embeddable":true,"href":"https:\/\/insidethemindjcartist.com\/eng\/wp-json\/wp\/v2\/users\/1"}],"replies":[{"embeddable":true,"href":"https:\/\/insidethemindjcartist.com\/eng\/wp-json\/wp\/v2\/comments?post=1008"}],"version-history":[{"count":5,"href":"https:\/\/insidethemindjcartist.com\/eng\/wp-json\/wp\/v2\/pages\/1008\/revisions"}],"predecessor-version":[{"id":1085,"href":"https:\/\/insidethemindjcartist.com\/eng\/wp-json\/wp\/v2\/pages\/1008\/revisions\/1085"}],"wp:attachment":[{"href":"https:\/\/insidethemindjcartist.com\/eng\/wp-json\/wp\/v2\/media?parent=1008"}],"curies":[{"name":"wp","href":"https:\/\/api.w.org\/{rel}","templated":true}]}}